{"id":20080,"date":"2026-04-18T19:47:22","date_gmt":"2026-04-18T17:47:22","guid":{"rendered":"https:\/\/www.andalusier.com\/?post_type=product&#038;p=20080"},"modified":"2026-04-18T23:15:07","modified_gmt":"2026-04-18T21:15:07","slug":"pegaso-jlm-2023-pre-gelding-171m-price-c","status":"publish","type":"product","link":"https:\/\/www.andalusier.com\/en\/produkt\/pegaso-jlm-2023-pre-gelding-171m-price-c\/","title":{"rendered":"Pegaso JLM *2023, PRE gelding, 1,71m, price C"},"content":{"rendered":"<p>Pegaso JLM \u00a0* 27\/04\/2023 \u00a0is an outstanding, tall and typey young PRE gelding with excellent natural abilities and great future potential. He impresses not only with his striking presence and height but also with his exceptionally kind and balanced temperament, as can already be seen in the video. More videos in movement and in movement will follow shortly. He has been lunged with saddle so far according to his tender age.<\/p>\n<p>His sire, Trapio de Centuri\u00f3n (<a href=\"https:\/\/www.instagram.com\/p\/CRbY3Ydr3tO\/\">https:\/\/www.instagram.com\/p\/CRbY3Ydr3tO\/<\/a>), bred by Yeguada Centuri\u00f3n, is a son of Karanka Cen (<a href=\"http:\/\/www.yeguadacenturion.com\/index.php?cb=153\">http:\/\/www.yeguadacenturion.com\/index.php?cb=153<\/a> | Video: <a href=\"https:\/\/youtu.be\/X2u3xvwxP-0?si=uyT5khK7MSK5h8Fw\">https:\/\/youtu.be\/X2u3xvwxP-0?si=uyT5khK7MSK5h8Fw<\/a>) and carries valuable Boh\u00f3rquez bloodlines. Pegaso\u2019s grandmother Levanda Cen is granddaughter of the mistic Elite stallion Evento. Evento (<a href=\"https:\/\/eurodressage.com\/2014\/09\/16\/evento-passed-away\">https:\/\/eurodressage.com\/2014\/09\/16\/evento-passed-away<\/a>) was one of the key horses that brought Spanish PRE horses into dressage world stage at the 1996 Olympic Games in Atlanta. His prestigious breeding approvals \u201ccalificado, mejorante, and Elite\u201d highlight his exceptional quality.<\/p>\n<p>On the dam\u2019s side, Pegaso is equally well bred: his dam Siesta de Centuri\u00f3n is a daughter of the Elite stallion Kabile\u00f1o VIII (<a href=\"https:\/\/eurodressage.com\/2020\/06\/13\/pre-kabileno-viii-receives-distinction-elite-stallion\">https:\/\/eurodressage.com\/2020\/06\/13\/pre-kabileno-viii-receives-distinction-elite-stallion<\/a>). This pedigree combines top dressage lines from Mar\u00edn Garc\u00eda, Boh\u00f3rquez, and Centuri\u00f3n, filled with high-level approvals and historically important bloodlines within PRE breeding. Pegaso JLM has clean and recent X-rays, which we are happy to provide upon serious interest.<\/p>\n","protected":false},"excerpt":{"rendered":"<p>Tall, friendly top pedigree (Elite lines Evento, Kabile\u00f1o VIII). Kind temperament, great potential, clean X-rays. Started with lunge and saddle<\/p>\n","protected":false},"featured_media":20075,"comment_status":"closed","ping_status":"closed","template":"","meta":[],"product_brand":[],"product_cat":[166,170],"product_tag":[],"class_list":{"0":"post-20080","1":"product","2":"type-product","3":"status-publish","4":"has-post-thumbnail","6":"product_cat-foals-youngsters","7":"product_cat-geldings","8":"pa_altersgruppe-2020-2023-en","10":"first","11":"instock","12":"shipping-taxable","13":"product-type-simple"},"yoast_head":"<!-- This site is optimized with the Yoast SEO plugin v27.4 - https:\/\/yoast.com\/product\/yoast-seo-wordpress\/ -->\n<title>Pegaso JLM *2023, PRE gelding, 1,71m, price C - Andalusier<\/title>\n<meta name=\"description\" content=\"Tall, friendly top pedigree (Elite lines Evento, Kabile\u00f1o VIII). Kind temperament, great potential, clean X-rays. Started with lunge and saddle\" \/>\n<meta name=\"robots\" content=\"index, follow, max-snippet:-1, max-image-preview:large, max-video-preview:-1\" \/>\n<link rel=\"canonical\" href=\"https:\/\/www.andalusier.com\/en\/produkt\/pegaso-jlm-2023-pre-gelding-171m-price-c\/\" \/>\n<meta property=\"og:locale\" content=\"en_US\" \/>\n<meta property=\"og:type\" content=\"article\" \/>\n<meta property=\"og:title\" content=\"Pegaso JLM *2023, PRE gelding, 1,71m, price C - Andalusier\" \/>\n<meta property=\"og:description\" content=\"Tall, friendly top pedigree (Elite lines Evento, Kabile\u00f1o VIII). Kind temperament, great potential, clean X-rays. Started with lunge and saddle\" \/>\n<meta property=\"og:url\" content=\"https:\/\/www.andalusier.com\/en\/produkt\/pegaso-jlm-2023-pre-gelding-171m-price-c\/\" \/>\n<meta property=\"og:site_name\" content=\"Andalusier\" \/>\n<meta property=\"article:modified_time\" content=\"2026-04-18T21:15:07+00:00\" \/>\n<meta property=\"og:image\" content=\"https:\/\/www.andalusier.com\/wp-content\/uploads\/2026\/04\/Pegaso-JLM-05.jpeg\" \/>\n\t<meta property=\"og:image:width\" content=\"1462\" \/>\n\t<meta property=\"og:image:height\" content=\"1462\" \/>\n\t<meta property=\"og:image:type\" content=\"image\/jpeg\" \/>\n<meta name=\"twitter:card\" content=\"summary_large_image\" \/>\n<meta name=\"twitter:label1\" content=\"Est. reading time\" \/>\n\t<meta name=\"twitter:data1\" content=\"2 minutes\" \/>\n<script type=\"application\/ld+json\" class=\"yoast-schema-graph\">{\"@context\":\"https:\\\/\\\/schema.org\",\"@graph\":[{\"@type\":\"WebPage\",\"@id\":\"https:\\\/\\\/www.andalusier.com\\\/en\\\/produkt\\\/pegaso-jlm-2023-pre-gelding-171m-price-c\\\/\",\"url\":\"https:\\\/\\\/www.andalusier.com\\\/en\\\/produkt\\\/pegaso-jlm-2023-pre-gelding-171m-price-c\\\/\",\"name\":\"Pegaso JLM *2023, PRE gelding, 1,71m, price C - Andalusier\",\"isPartOf\":{\"@id\":\"https:\\\/\\\/www.andalusier.com\\\/en\\\/#website\"},\"primaryImageOfPage\":{\"@id\":\"https:\\\/\\\/www.andalusier.com\\\/en\\\/produkt\\\/pegaso-jlm-2023-pre-gelding-171m-price-c\\\/#primaryimage\"},\"image\":{\"@id\":\"https:\\\/\\\/www.andalusier.com\\\/en\\\/produkt\\\/pegaso-jlm-2023-pre-gelding-171m-price-c\\\/#primaryimage\"},\"thumbnailUrl\":\"https:\\\/\\\/www.andalusier.com\\\/wp-content\\\/uploads\\\/2026\\\/04\\\/Pegaso-JLM-05.jpeg\",\"datePublished\":\"2026-04-18T17:47:22+00:00\",\"dateModified\":\"2026-04-18T21:15:07+00:00\",\"description\":\"Tall, friendly top pedigree (Elite lines Evento, Kabile\u00f1o VIII). Kind temperament, great potential, clean X-rays. Started with lunge and saddle\",\"breadcrumb\":{\"@id\":\"https:\\\/\\\/www.andalusier.com\\\/en\\\/produkt\\\/pegaso-jlm-2023-pre-gelding-171m-price-c\\\/#breadcrumb\"},\"inLanguage\":\"en-US\",\"potentialAction\":[{\"@type\":\"ReadAction\",\"target\":[\"https:\\\/\\\/www.andalusier.com\\\/en\\\/produkt\\\/pegaso-jlm-2023-pre-gelding-171m-price-c\\\/\"]}]},{\"@type\":\"ImageObject\",\"inLanguage\":\"en-US\",\"@id\":\"https:\\\/\\\/www.andalusier.com\\\/en\\\/produkt\\\/pegaso-jlm-2023-pre-gelding-171m-price-c\\\/#primaryimage\",\"url\":\"https:\\\/\\\/www.andalusier.com\\\/wp-content\\\/uploads\\\/2026\\\/04\\\/Pegaso-JLM-05.jpeg\",\"contentUrl\":\"https:\\\/\\\/www.andalusier.com\\\/wp-content\\\/uploads\\\/2026\\\/04\\\/Pegaso-JLM-05.jpeg\",\"width\":1462,\"height\":1462},{\"@type\":\"BreadcrumbList\",\"@id\":\"https:\\\/\\\/www.andalusier.com\\\/en\\\/produkt\\\/pegaso-jlm-2023-pre-gelding-171m-price-c\\\/#breadcrumb\",\"itemListElement\":[{\"@type\":\"ListItem\",\"position\":1,\"name\":\"Startseite\",\"item\":\"https:\\\/\\\/www.andalusier.com\\\/en\\\/\"},{\"@type\":\"ListItem\",\"position\":2,\"name\":\"Products\",\"item\":\"https:\\\/\\\/www.andalusier.com\\\/en\\\/shop\\\/\"},{\"@type\":\"ListItem\",\"position\":3,\"name\":\"Pegaso JLM *2023, PRE gelding, 1,71m, price C\"}]},{\"@type\":\"WebSite\",\"@id\":\"https:\\\/\\\/www.andalusier.com\\\/en\\\/#website\",\"url\":\"https:\\\/\\\/www.andalusier.com\\\/en\\\/\",\"name\":\"Andalusier\",\"description\":\"Verkaufspferde aus Andalusien\",\"publisher\":{\"@id\":\"https:\\\/\\\/www.andalusier.com\\\/en\\\/#organization\"},\"potentialAction\":[{\"@type\":\"SearchAction\",\"target\":{\"@type\":\"EntryPoint\",\"urlTemplate\":\"https:\\\/\\\/www.andalusier.com\\\/en\\\/?s={search_term_string}\"},\"query-input\":{\"@type\":\"PropertyValueSpecification\",\"valueRequired\":true,\"valueName\":\"search_term_string\"}}],\"inLanguage\":\"en-US\"},{\"@type\":\"Organization\",\"@id\":\"https:\\\/\\\/www.andalusier.com\\\/en\\\/#organization\",\"name\":\"Andalusier\",\"url\":\"https:\\\/\\\/www.andalusier.com\\\/en\\\/\",\"logo\":{\"@type\":\"ImageObject\",\"inLanguage\":\"en-US\",\"@id\":\"https:\\\/\\\/www.andalusier.com\\\/en\\\/#\\\/schema\\\/logo\\\/image\\\/\",\"url\":\"https:\\\/\\\/www.andalusier.com\\\/wp-content\\\/uploads\\\/2022\\\/08\\\/Andalusier-Logo-02.png\",\"contentUrl\":\"https:\\\/\\\/www.andalusier.com\\\/wp-content\\\/uploads\\\/2022\\\/08\\\/Andalusier-Logo-02.png\",\"width\":2599,\"height\":317,\"caption\":\"Andalusier\"},\"image\":{\"@id\":\"https:\\\/\\\/www.andalusier.com\\\/en\\\/#\\\/schema\\\/logo\\\/image\\\/\"},\"sameAs\":[\"https:\\\/\\\/www.instagram.com\\\/andalusiercom\\\/\"]}]}<\/script>\n<!-- \/ Yoast SEO plugin. -->","yoast_head_json":{"title":"Pegaso JLM *2023, PRE gelding, 1,71m, price C - Andalusier","description":"Tall, friendly top pedigree (Elite lines Evento, Kabile\u00f1o VIII). Kind temperament, great potential, clean X-rays. Started with lunge and saddle","robots":{"index":"index","follow":"follow","max-snippet":"max-snippet:-1","max-image-preview":"max-image-preview:large","max-video-preview":"max-video-preview:-1"},"canonical":"https:\/\/www.andalusier.com\/en\/produkt\/pegaso-jlm-2023-pre-gelding-171m-price-c\/","og_locale":"en_US","og_type":"article","og_title":"Pegaso JLM *2023, PRE gelding, 1,71m, price C - Andalusier","og_description":"Tall, friendly top pedigree (Elite lines Evento, Kabile\u00f1o VIII). Kind temperament, great potential, clean X-rays. Started with lunge and saddle","og_url":"https:\/\/www.andalusier.com\/en\/produkt\/pegaso-jlm-2023-pre-gelding-171m-price-c\/","og_site_name":"Andalusier","article_modified_time":"2026-04-18T21:15:07+00:00","og_image":[{"width":1462,"height":1462,"url":"https:\/\/www.andalusier.com\/wp-content\/uploads\/2026\/04\/Pegaso-JLM-05.jpeg","type":"image\/jpeg"}],"twitter_card":"summary_large_image","twitter_misc":{"Est. reading time":"2 minutes"},"schema":{"@context":"https:\/\/schema.org","@graph":[{"@type":"WebPage","@id":"https:\/\/www.andalusier.com\/en\/produkt\/pegaso-jlm-2023-pre-gelding-171m-price-c\/","url":"https:\/\/www.andalusier.com\/en\/produkt\/pegaso-jlm-2023-pre-gelding-171m-price-c\/","name":"Pegaso JLM *2023, PRE gelding, 1,71m, price C - Andalusier","isPartOf":{"@id":"https:\/\/www.andalusier.com\/en\/#website"},"primaryImageOfPage":{"@id":"https:\/\/www.andalusier.com\/en\/produkt\/pegaso-jlm-2023-pre-gelding-171m-price-c\/#primaryimage"},"image":{"@id":"https:\/\/www.andalusier.com\/en\/produkt\/pegaso-jlm-2023-pre-gelding-171m-price-c\/#primaryimage"},"thumbnailUrl":"https:\/\/www.andalusier.com\/wp-content\/uploads\/2026\/04\/Pegaso-JLM-05.jpeg","datePublished":"2026-04-18T17:47:22+00:00","dateModified":"2026-04-18T21:15:07+00:00","description":"Tall, friendly top pedigree (Elite lines Evento, Kabile\u00f1o VIII). Kind temperament, great potential, clean X-rays. Started with lunge and saddle","breadcrumb":{"@id":"https:\/\/www.andalusier.com\/en\/produkt\/pegaso-jlm-2023-pre-gelding-171m-price-c\/#breadcrumb"},"inLanguage":"en-US","potentialAction":[{"@type":"ReadAction","target":["https:\/\/www.andalusier.com\/en\/produkt\/pegaso-jlm-2023-pre-gelding-171m-price-c\/"]}]},{"@type":"ImageObject","inLanguage":"en-US","@id":"https:\/\/www.andalusier.com\/en\/produkt\/pegaso-jlm-2023-pre-gelding-171m-price-c\/#primaryimage","url":"https:\/\/www.andalusier.com\/wp-content\/uploads\/2026\/04\/Pegaso-JLM-05.jpeg","contentUrl":"https:\/\/www.andalusier.com\/wp-content\/uploads\/2026\/04\/Pegaso-JLM-05.jpeg","width":1462,"height":1462},{"@type":"BreadcrumbList","@id":"https:\/\/www.andalusier.com\/en\/produkt\/pegaso-jlm-2023-pre-gelding-171m-price-c\/#breadcrumb","itemListElement":[{"@type":"ListItem","position":1,"name":"Startseite","item":"https:\/\/www.andalusier.com\/en\/"},{"@type":"ListItem","position":2,"name":"Products","item":"https:\/\/www.andalusier.com\/en\/shop\/"},{"@type":"ListItem","position":3,"name":"Pegaso JLM *2023, PRE gelding, 1,71m, price C"}]},{"@type":"WebSite","@id":"https:\/\/www.andalusier.com\/en\/#website","url":"https:\/\/www.andalusier.com\/en\/","name":"Andalusier","description":"Verkaufspferde aus Andalusien","publisher":{"@id":"https:\/\/www.andalusier.com\/en\/#organization"},"potentialAction":[{"@type":"SearchAction","target":{"@type":"EntryPoint","urlTemplate":"https:\/\/www.andalusier.com\/en\/?s={search_term_string}"},"query-input":{"@type":"PropertyValueSpecification","valueRequired":true,"valueName":"search_term_string"}}],"inLanguage":"en-US"},{"@type":"Organization","@id":"https:\/\/www.andalusier.com\/en\/#organization","name":"Andalusier","url":"https:\/\/www.andalusier.com\/en\/","logo":{"@type":"ImageObject","inLanguage":"en-US","@id":"https:\/\/www.andalusier.com\/en\/#\/schema\/logo\/image\/","url":"https:\/\/www.andalusier.com\/wp-content\/uploads\/2022\/08\/Andalusier-Logo-02.png","contentUrl":"https:\/\/www.andalusier.com\/wp-content\/uploads\/2022\/08\/Andalusier-Logo-02.png","width":2599,"height":317,"caption":"Andalusier"},"image":{"@id":"https:\/\/www.andalusier.com\/en\/#\/schema\/logo\/image\/"},"sameAs":["https:\/\/www.instagram.com\/andalusiercom\/"]}]}},"_links":{"self":[{"href":"https:\/\/www.andalusier.com\/en\/wp-json\/wp\/v2\/product\/20080","targetHints":{"allow":["GET"]}}],"collection":[{"href":"https:\/\/www.andalusier.com\/en\/wp-json\/wp\/v2\/product"}],"about":[{"href":"https:\/\/www.andalusier.com\/en\/wp-json\/wp\/v2\/types\/product"}],"replies":[{"embeddable":true,"href":"https:\/\/www.andalusier.com\/en\/wp-json\/wp\/v2\/comments?post=20080"}],"wp:featuredmedia":[{"embeddable":true,"href":"https:\/\/www.andalusier.com\/en\/wp-json\/wp\/v2\/media\/20075"}],"wp:attachment":[{"href":"https:\/\/www.andalusier.com\/en\/wp-json\/wp\/v2\/media?parent=20080"}],"wp:term":[{"taxonomy":"product_brand","embeddable":true,"href":"https:\/\/www.andalusier.com\/en\/wp-json\/wp\/v2\/product_brand?post=20080"},{"taxonomy":"product_cat","embeddable":true,"href":"https:\/\/www.andalusier.com\/en\/wp-json\/wp\/v2\/product_cat?post=20080"},{"taxonomy":"product_tag","embeddable":true,"href":"https:\/\/www.andalusier.com\/en\/wp-json\/wp\/v2\/product_tag?post=20080"}],"curies":[{"name":"wp","href":"https:\/\/api.w.org\/{rel}","templated":true}]}}