{"id":11168,"date":"2026-01-27T10:03:50","date_gmt":"2026-01-27T09:03:50","guid":{"rendered":"https:\/\/www.andalusier.com\/?post_type=product&#038;p=11168"},"modified":"2026-01-27T19:23:06","modified_gmt":"2026-01-27T18:23:06","slug":"judio-tb-2021-pre-gelding-160m-price-d-e","status":"publish","type":"product","link":"https:\/\/www.andalusier.com\/en\/produkt\/judio-tb-2021-pre-gelding-160m-price-d-e\/","title":{"rendered":"JUDIO TB *2021, PRE gelding, 1,62m, price D-E"},"content":{"rendered":"<p><strong>JUDIO TB<\/strong> &#8211; <em>PRE gelding | 18.04.2021<\/em><\/p>\n<p>JUDIO TB is a beautiful, baroque PRE gelding with a long, dark mane and tail and a very appealing presence. He was gently backed at the age of three and has been professionally and consistently developed ever since. He is correctly trained in the basics, highly willing to learn and shows an excellent work ethic. JUDIO is very focused during training. After each schooling session, he is taken out hacking to mentally and physically process the gymnastic and dressage work. This balanced training approach results in a relaxed, motivated horse with a positive attitude towards work. He enjoys long hacks, whether alone or in company, and always behaves calmly, socially and reliably \u2013 even in larger riding groups. His rider is also his owner, and JUDIO is occasionally ridden by students during lessons, which has made him very adaptable to different riders. He is currently trained regularly five times per week (Monday to Friday), with relaxed hacks at the weekend. Despite his young age, he is very calm and traffic-safe, showing no fear of puddles, cars or new environments.<\/p>\n<p>JUDIO has already competed successfully at shows in the M\u00e1laga area and is now being carefully prepared for the 2026 season. He offers very good, comfortable gaits, is easy to sit and impresses with his balanced character and extensive hacking experience.<\/p>\n<p>This PRE gelding is ready to continue his education on a dressage basis. His bloodlines go back to old baroque lines such as Romero Ben\u00edtez, Granda Losada and Mar\u00edn Garc\u00eda and are clearly Cartujano-influenced.<\/p>\n<p>&nbsp;<\/p>\n<p>&nbsp;<\/p>\n","protected":false},"excerpt":{"rendered":"<p>Wonderful classical PRE gelding &#8211; Baroque PRE gelding\u00a0 with great presence, comfortable gaits, dressage competition\u00a0 experience, calm character and solid dressage basics &amp; hacking!<\/p>\n","protected":false},"featured_media":19449,"comment_status":"closed","ping_status":"closed","template":"","meta":[],"product_brand":[],"product_cat":[170],"product_tag":[189,191,190],"class_list":{"0":"post-11168","1":"product","2":"type-product","3":"status-publish","4":"has-post-thumbnail","6":"product_cat-geldings","7":"product_tag-dressage","8":"product_tag-hacking","9":"product_tag-leisure-horse","10":"pa_altersgruppe-2020-2023-en","12":"first","13":"instock","14":"shipping-taxable","15":"product-type-simple"},"yoast_head":"<!-- This site is optimized with the Yoast SEO plugin v27.5 - https:\/\/yoast.com\/product\/yoast-seo-wordpress\/ -->\n<title>JUDIO TB *2021, PRE gelding, 1,62m, price D-E - Andalusier<\/title>\n<meta name=\"description\" content=\"Baroque PRE gelding born in 2021 with great presence, comfortable gaits, show experience, calm character and solid dressage basics.\" \/>\n<meta name=\"robots\" content=\"index, follow, max-snippet:-1, max-image-preview:large, max-video-preview:-1\" \/>\n<link rel=\"canonical\" href=\"https:\/\/www.andalusier.com\/en\/produkt\/judio-tb-2021-pre-gelding-160m-price-d-e\/\" \/>\n<meta property=\"og:locale\" content=\"en_US\" \/>\n<meta property=\"og:type\" content=\"article\" \/>\n<meta property=\"og:title\" content=\"JUDIO TB *2021, PRE gelding, 1,62m, price D-E - Andalusier\" \/>\n<meta property=\"og:description\" content=\"Baroque PRE gelding born in 2021 with great presence, comfortable gaits, show experience, calm character and solid dressage basics.\" \/>\n<meta property=\"og:url\" content=\"https:\/\/www.andalusier.com\/en\/produkt\/judio-tb-2021-pre-gelding-160m-price-d-e\/\" \/>\n<meta property=\"og:site_name\" content=\"Andalusier\" \/>\n<meta property=\"article:modified_time\" content=\"2026-01-27T18:23:06+00:00\" \/>\n<meta property=\"og:image\" content=\"https:\/\/www.andalusier.com\/wp-content\/uploads\/2024\/09\/JUDIO-TB-04.jpeg\" \/>\n\t<meta property=\"og:image:width\" content=\"1084\" \/>\n\t<meta property=\"og:image:height\" content=\"967\" \/>\n\t<meta property=\"og:image:type\" content=\"image\/jpeg\" \/>\n<meta name=\"twitter:card\" content=\"summary_large_image\" \/>\n<meta name=\"twitter:label1\" content=\"Est. reading time\" \/>\n\t<meta name=\"twitter:data1\" content=\"2 minutes\" \/>\n<script type=\"application\/ld+json\" class=\"yoast-schema-graph\">{\"@context\":\"https:\\\/\\\/schema.org\",\"@graph\":[{\"@type\":\"WebPage\",\"@id\":\"https:\\\/\\\/www.andalusier.com\\\/en\\\/produkt\\\/judio-tb-2021-pre-gelding-160m-price-d-e\\\/\",\"url\":\"https:\\\/\\\/www.andalusier.com\\\/en\\\/produkt\\\/judio-tb-2021-pre-gelding-160m-price-d-e\\\/\",\"name\":\"JUDIO TB *2021, PRE gelding, 1,62m, price D-E - Andalusier\",\"isPartOf\":{\"@id\":\"https:\\\/\\\/www.andalusier.com\\\/en\\\/#website\"},\"primaryImageOfPage\":{\"@id\":\"https:\\\/\\\/www.andalusier.com\\\/en\\\/produkt\\\/judio-tb-2021-pre-gelding-160m-price-d-e\\\/#primaryimage\"},\"image\":{\"@id\":\"https:\\\/\\\/www.andalusier.com\\\/en\\\/produkt\\\/judio-tb-2021-pre-gelding-160m-price-d-e\\\/#primaryimage\"},\"thumbnailUrl\":\"https:\\\/\\\/www.andalusier.com\\\/wp-content\\\/uploads\\\/2024\\\/09\\\/JUDIO-TB-04.jpeg\",\"datePublished\":\"2026-01-27T09:03:50+00:00\",\"dateModified\":\"2026-01-27T18:23:06+00:00\",\"description\":\"Baroque PRE gelding born in 2021 with great presence, comfortable gaits, show experience, calm character and solid dressage basics.\",\"breadcrumb\":{\"@id\":\"https:\\\/\\\/www.andalusier.com\\\/en\\\/produkt\\\/judio-tb-2021-pre-gelding-160m-price-d-e\\\/#breadcrumb\"},\"inLanguage\":\"en-US\",\"potentialAction\":[{\"@type\":\"ReadAction\",\"target\":[\"https:\\\/\\\/www.andalusier.com\\\/en\\\/produkt\\\/judio-tb-2021-pre-gelding-160m-price-d-e\\\/\"]}]},{\"@type\":\"ImageObject\",\"inLanguage\":\"en-US\",\"@id\":\"https:\\\/\\\/www.andalusier.com\\\/en\\\/produkt\\\/judio-tb-2021-pre-gelding-160m-price-d-e\\\/#primaryimage\",\"url\":\"https:\\\/\\\/www.andalusier.com\\\/wp-content\\\/uploads\\\/2024\\\/09\\\/JUDIO-TB-04.jpeg\",\"contentUrl\":\"https:\\\/\\\/www.andalusier.com\\\/wp-content\\\/uploads\\\/2024\\\/09\\\/JUDIO-TB-04.jpeg\",\"width\":1084,\"height\":967},{\"@type\":\"BreadcrumbList\",\"@id\":\"https:\\\/\\\/www.andalusier.com\\\/en\\\/produkt\\\/judio-tb-2021-pre-gelding-160m-price-d-e\\\/#breadcrumb\",\"itemListElement\":[{\"@type\":\"ListItem\",\"position\":1,\"name\":\"Startseite\",\"item\":\"https:\\\/\\\/www.andalusier.com\\\/en\\\/\"},{\"@type\":\"ListItem\",\"position\":2,\"name\":\"Products\",\"item\":\"https:\\\/\\\/www.andalusier.com\\\/en\\\/shop\\\/\"},{\"@type\":\"ListItem\",\"position\":3,\"name\":\"JUDIO TB *2021, PRE gelding, 1,62m, price D-E\"}]},{\"@type\":\"WebSite\",\"@id\":\"https:\\\/\\\/www.andalusier.com\\\/en\\\/#website\",\"url\":\"https:\\\/\\\/www.andalusier.com\\\/en\\\/\",\"name\":\"Andalusier\",\"description\":\"Verkaufspferde aus Andalusien\",\"publisher\":{\"@id\":\"https:\\\/\\\/www.andalusier.com\\\/en\\\/#organization\"},\"potentialAction\":[{\"@type\":\"SearchAction\",\"target\":{\"@type\":\"EntryPoint\",\"urlTemplate\":\"https:\\\/\\\/www.andalusier.com\\\/en\\\/?s={search_term_string}\"},\"query-input\":{\"@type\":\"PropertyValueSpecification\",\"valueRequired\":true,\"valueName\":\"search_term_string\"}}],\"inLanguage\":\"en-US\"},{\"@type\":\"Organization\",\"@id\":\"https:\\\/\\\/www.andalusier.com\\\/en\\\/#organization\",\"name\":\"Andalusier\",\"url\":\"https:\\\/\\\/www.andalusier.com\\\/en\\\/\",\"logo\":{\"@type\":\"ImageObject\",\"inLanguage\":\"en-US\",\"@id\":\"https:\\\/\\\/www.andalusier.com\\\/en\\\/#\\\/schema\\\/logo\\\/image\\\/\",\"url\":\"https:\\\/\\\/www.andalusier.com\\\/wp-content\\\/uploads\\\/2022\\\/08\\\/Andalusier-Logo-02.png\",\"contentUrl\":\"https:\\\/\\\/www.andalusier.com\\\/wp-content\\\/uploads\\\/2022\\\/08\\\/Andalusier-Logo-02.png\",\"width\":2599,\"height\":317,\"caption\":\"Andalusier\"},\"image\":{\"@id\":\"https:\\\/\\\/www.andalusier.com\\\/en\\\/#\\\/schema\\\/logo\\\/image\\\/\"},\"sameAs\":[\"https:\\\/\\\/www.instagram.com\\\/andalusiercom\\\/\"]}]}<\/script>\n<!-- \/ Yoast SEO plugin. -->","yoast_head_json":{"title":"JUDIO TB *2021, PRE gelding, 1,62m, price D-E - Andalusier","description":"Baroque PRE gelding born in 2021 with great presence, comfortable gaits, show experience, calm character and solid dressage basics.","robots":{"index":"index","follow":"follow","max-snippet":"max-snippet:-1","max-image-preview":"max-image-preview:large","max-video-preview":"max-video-preview:-1"},"canonical":"https:\/\/www.andalusier.com\/en\/produkt\/judio-tb-2021-pre-gelding-160m-price-d-e\/","og_locale":"en_US","og_type":"article","og_title":"JUDIO TB *2021, PRE gelding, 1,62m, price D-E - Andalusier","og_description":"Baroque PRE gelding born in 2021 with great presence, comfortable gaits, show experience, calm character and solid dressage basics.","og_url":"https:\/\/www.andalusier.com\/en\/produkt\/judio-tb-2021-pre-gelding-160m-price-d-e\/","og_site_name":"Andalusier","article_modified_time":"2026-01-27T18:23:06+00:00","og_image":[{"width":1084,"height":967,"url":"https:\/\/www.andalusier.com\/wp-content\/uploads\/2024\/09\/JUDIO-TB-04.jpeg","type":"image\/jpeg"}],"twitter_card":"summary_large_image","twitter_misc":{"Est. reading time":"2 minutes"},"schema":{"@context":"https:\/\/schema.org","@graph":[{"@type":"WebPage","@id":"https:\/\/www.andalusier.com\/en\/produkt\/judio-tb-2021-pre-gelding-160m-price-d-e\/","url":"https:\/\/www.andalusier.com\/en\/produkt\/judio-tb-2021-pre-gelding-160m-price-d-e\/","name":"JUDIO TB *2021, PRE gelding, 1,62m, price D-E - Andalusier","isPartOf":{"@id":"https:\/\/www.andalusier.com\/en\/#website"},"primaryImageOfPage":{"@id":"https:\/\/www.andalusier.com\/en\/produkt\/judio-tb-2021-pre-gelding-160m-price-d-e\/#primaryimage"},"image":{"@id":"https:\/\/www.andalusier.com\/en\/produkt\/judio-tb-2021-pre-gelding-160m-price-d-e\/#primaryimage"},"thumbnailUrl":"https:\/\/www.andalusier.com\/wp-content\/uploads\/2024\/09\/JUDIO-TB-04.jpeg","datePublished":"2026-01-27T09:03:50+00:00","dateModified":"2026-01-27T18:23:06+00:00","description":"Baroque PRE gelding born in 2021 with great presence, comfortable gaits, show experience, calm character and solid dressage basics.","breadcrumb":{"@id":"https:\/\/www.andalusier.com\/en\/produkt\/judio-tb-2021-pre-gelding-160m-price-d-e\/#breadcrumb"},"inLanguage":"en-US","potentialAction":[{"@type":"ReadAction","target":["https:\/\/www.andalusier.com\/en\/produkt\/judio-tb-2021-pre-gelding-160m-price-d-e\/"]}]},{"@type":"ImageObject","inLanguage":"en-US","@id":"https:\/\/www.andalusier.com\/en\/produkt\/judio-tb-2021-pre-gelding-160m-price-d-e\/#primaryimage","url":"https:\/\/www.andalusier.com\/wp-content\/uploads\/2024\/09\/JUDIO-TB-04.jpeg","contentUrl":"https:\/\/www.andalusier.com\/wp-content\/uploads\/2024\/09\/JUDIO-TB-04.jpeg","width":1084,"height":967},{"@type":"BreadcrumbList","@id":"https:\/\/www.andalusier.com\/en\/produkt\/judio-tb-2021-pre-gelding-160m-price-d-e\/#breadcrumb","itemListElement":[{"@type":"ListItem","position":1,"name":"Startseite","item":"https:\/\/www.andalusier.com\/en\/"},{"@type":"ListItem","position":2,"name":"Products","item":"https:\/\/www.andalusier.com\/en\/shop\/"},{"@type":"ListItem","position":3,"name":"JUDIO TB *2021, PRE gelding, 1,62m, price D-E"}]},{"@type":"WebSite","@id":"https:\/\/www.andalusier.com\/en\/#website","url":"https:\/\/www.andalusier.com\/en\/","name":"Andalusier","description":"Verkaufspferde aus Andalusien","publisher":{"@id":"https:\/\/www.andalusier.com\/en\/#organization"},"potentialAction":[{"@type":"SearchAction","target":{"@type":"EntryPoint","urlTemplate":"https:\/\/www.andalusier.com\/en\/?s={search_term_string}"},"query-input":{"@type":"PropertyValueSpecification","valueRequired":true,"valueName":"search_term_string"}}],"inLanguage":"en-US"},{"@type":"Organization","@id":"https:\/\/www.andalusier.com\/en\/#organization","name":"Andalusier","url":"https:\/\/www.andalusier.com\/en\/","logo":{"@type":"ImageObject","inLanguage":"en-US","@id":"https:\/\/www.andalusier.com\/en\/#\/schema\/logo\/image\/","url":"https:\/\/www.andalusier.com\/wp-content\/uploads\/2022\/08\/Andalusier-Logo-02.png","contentUrl":"https:\/\/www.andalusier.com\/wp-content\/uploads\/2022\/08\/Andalusier-Logo-02.png","width":2599,"height":317,"caption":"Andalusier"},"image":{"@id":"https:\/\/www.andalusier.com\/en\/#\/schema\/logo\/image\/"},"sameAs":["https:\/\/www.instagram.com\/andalusiercom\/"]}]}},"_links":{"self":[{"href":"https:\/\/www.andalusier.com\/en\/wp-json\/wp\/v2\/product\/11168","targetHints":{"allow":["GET"]}}],"collection":[{"href":"https:\/\/www.andalusier.com\/en\/wp-json\/wp\/v2\/product"}],"about":[{"href":"https:\/\/www.andalusier.com\/en\/wp-json\/wp\/v2\/types\/product"}],"replies":[{"embeddable":true,"href":"https:\/\/www.andalusier.com\/en\/wp-json\/wp\/v2\/comments?post=11168"}],"wp:featuredmedia":[{"embeddable":true,"href":"https:\/\/www.andalusier.com\/en\/wp-json\/wp\/v2\/media\/19449"}],"wp:attachment":[{"href":"https:\/\/www.andalusier.com\/en\/wp-json\/wp\/v2\/media?parent=11168"}],"wp:term":[{"taxonomy":"product_brand","embeddable":true,"href":"https:\/\/www.andalusier.com\/en\/wp-json\/wp\/v2\/product_brand?post=11168"},{"taxonomy":"product_cat","embeddable":true,"href":"https:\/\/www.andalusier.com\/en\/wp-json\/wp\/v2\/product_cat?post=11168"},{"taxonomy":"product_tag","embeddable":true,"href":"https:\/\/www.andalusier.com\/en\/wp-json\/wp\/v2\/product_tag?post=11168"}],"curies":[{"name":"wp","href":"https:\/\/api.w.org\/{rel}","templated":true}]}}